{"id":65,"date":"2025-01-10T11:49:57","date_gmt":"2025-01-10T11:49:57","guid":{"rendered":"https:\/\/armenda.si\/?page_id=65"},"modified":"2025-01-10T19:18:55","modified_gmt":"2025-01-10T19:18:55","slug":"domov","status":"publish","type":"page","link":"https:\/\/armenda.si\/sq\/","title":{"rendered":"domov"},"content":{"rendered":"<div data-elementor-type=\"wp-page\" data-elementor-id=\"65\" class=\"elementor elementor-65\">\n\t\t\t\t<div class=\"elementor-element elementor-element-d5894b0 e-con-full e-flex elementor-invisible e-con e-parent\" data-id=\"d5894b0\" data-element_type=\"container\" data-settings=\"{&quot;background_background&quot;:&quot;classic&quot;,&quot;animation&quot;:&quot;fadeIn&quot;}\">\n\t\t<div class=\"elementor-element elementor-element-edead05 e-flex e-con-boxed e-con e-child\" data-id=\"edead05\" data-element_type=\"container\">\n\t\t\t\t\t<div class=\"e-con-inner\">\n\t\t\t\t<div class=\"elementor-element elementor-element-cd94d67 elementor-widget elementor-widget-heading\" data-id=\"cd94d67\" data-element_type=\"widget\" data-widget_type=\"heading.default\">\n\t\t\t\t<div class=\"elementor-widget-container\">\n\t\t\t\t\t<h1 class=\"elementor-heading-title elementor-size-default\">Strokovno prevajanje in tolma\u010denje med alban\u0161\u010dino in sloven\u0161\u010dino<\/h1>\t\t\t\t<\/div>\n\t\t\t\t<\/div>\n\t\t\t\t\t<\/div>\n\t\t\t\t<\/div>\n\t\t\t\t<\/div>\n\t\t<div class=\"elementor-element elementor-element-4a05c79 e-flex e-con-boxed e-con e-parent\" data-id=\"4a05c79\" data-element_type=\"container\">\n\t\t\t\t\t<div class=\"e-con-inner\">\n\t\t\t\t<div class=\"elementor-element elementor-element-ca516ca e-transform elementor-widget elementor-widget-image\" data-id=\"ca516ca\" data-element_type=\"widget\" data-settings=\"{&quot;_transform_translateY_effect&quot;:{&quot;unit&quot;:&quot;px&quot;,&quot;size&quot;:-281,&quot;sizes&quot;:[]},&quot;_transform_translateX_effect&quot;:{&quot;unit&quot;:&quot;px&quot;,&quot;size&quot;:&quot;&quot;,&quot;sizes&quot;:[]},&quot;_transform_translateX_effect_tablet&quot;:{&quot;unit&quot;:&quot;px&quot;,&quot;size&quot;:&quot;&quot;,&quot;sizes&quot;:[]},&quot;_transform_translateX_effect_mobile&quot;:{&quot;unit&quot;:&quot;px&quot;,&quot;size&quot;:&quot;&quot;,&quot;sizes&quot;:[]},&quot;_transform_translateY_effect_tablet&quot;:{&quot;unit&quot;:&quot;px&quot;,&quot;size&quot;:&quot;&quot;,&quot;sizes&quot;:[]},&quot;_transform_translateY_effect_mobile&quot;:{&quot;unit&quot;:&quot;px&quot;,&quot;size&quot;:&quot;&quot;,&quot;sizes&quot;:[]}}\" data-widget_type=\"image.default\">\n\t\t\t\t<div class=\"elementor-widget-container\">\n\t\t\t\t\t\t\t\t\t\t\t\t\t\t\t<img fetchpriority=\"high\" decoding=\"async\" width=\"347\" height=\"728\" src=\"http:\/\/armenda.si\/wp-content\/uploads\/2025\/01\/Justice@2x.png\" class=\"attachment-large size-large wp-image-113\" alt=\"\" srcset=\"http:\/\/armenda.si\/wp-content\/uploads\/2025\/01\/Justice@2x.png 347w, http:\/\/armenda.si\/wp-content\/uploads\/2025\/01\/Justice@2x-143x300.png 143w, http:\/\/armenda.si\/wp-content\/uploads\/2025\/01\/Justice@2x-6x12.png 6w\" sizes=\"(max-width: 347px) 100vw, 347px\" \/>\t\t\t\t\t\t\t\t\t\t\t\t\t\t\t<\/div>\n\t\t\t\t<\/div>\n\t\t\t\t\t<\/div>\n\t\t\t\t<\/div>\n\t\t<div class=\"elementor-element elementor-element-0e2475b e-flex e-con-boxed e-con e-parent\" data-id=\"0e2475b\" data-element_type=\"container\" data-settings=\"{&quot;background_background&quot;:&quot;slideshow&quot;,&quot;background_slideshow_gallery&quot;:[],&quot;background_slideshow_loop&quot;:&quot;yes&quot;,&quot;background_slideshow_slide_duration&quot;:5000,&quot;background_slideshow_slide_transition&quot;:&quot;fade&quot;,&quot;background_slideshow_transition_duration&quot;:500}\">\n\t\t\t\t\t<div class=\"e-con-inner\">\n\t\t<div class=\"elementor-element elementor-element-6527ad1 e-con-full e-flex e-con e-child\" data-id=\"6527ad1\" data-element_type=\"container\">\n\t\t\t\t<\/div>\n\t\t<div class=\"elementor-element elementor-element-dc9b228 e-con-full e-flex e-con e-child\" data-id=\"dc9b228\" data-element_type=\"container\">\n\t\t\t\t<\/div>\n\t\t\t\t\t<\/div>\n\t\t\t\t<\/div>\n\t\t<div class=\"elementor-element elementor-element-f0f9fe5 e-con-full e-flex e-con e-parent\" data-id=\"f0f9fe5\" data-element_type=\"container\" data-settings=\"{&quot;background_background&quot;:&quot;gradient&quot;}\">\n\t\t<div class=\"elementor-element elementor-element-6273189 e-con-full e-flex e-con e-child\" data-id=\"6273189\" data-element_type=\"container\">\n\t\t\t\t<div class=\"elementor-element elementor-element-48926d5 elementor-widget elementor-widget-text-editor\" data-id=\"48926d5\" data-element_type=\"widget\" data-widget_type=\"text-editor.default\">\n\t\t\t\t<div class=\"elementor-widget-container\">\n\t\t\t\t\t\t\t\t\t<p>Na armenda.si lahko kupite tudi dve vrhunski izdaji pravnih slovarjev avtorice\u00a0<strong>Armende Amiti<\/strong>, ki sta nepogre\u0161ljiva pripomo\u010dka za pravnike, prevajalce in vse, ki se ukvarjajo z albanskim jezikom:<\/p>\n<p>\u00a0<\/p>\n<p><strong>Slovensko-albanski pravni slovar<\/strong><br \/>Zbirka strokovnih izrazov, ki vam olaj\u0161a razumevanje in uporabo pravne terminologije med slovenskimi in albanskimi govorci.<\/p>\n<p>\u00a0<\/p>\n<p><strong>Hrva\u0161ko-albanski pravni slovar<\/strong><br \/>Natan\u010den in zanesljiv slovar za vse, ki potrebujejo pravno terminologijo med hrva\u0161kim in albanskim jezikom.<\/p>\n<p>\u00a0<\/p>\n<p>S slovarji boste pridobili orodje za u\u010dinkovito in natan\u010dno sporazumevanje v pravnem kontekstu, kar je klju\u010dnega pomena za mednarodno sodelovanje in pravno prakso.<\/p>\t\t\t\t\t\t\t\t<\/div>\n\t\t\t\t<\/div>\n\t\t\t\t<\/div>\n\t\t<div class=\"elementor-element elementor-element-2254541 e-con-full e-flex e-con e-child\" data-id=\"2254541\" data-element_type=\"container\">\n\t\t<div class=\"elementor-element elementor-element-b8237f2 e-con-full e-flex e-con e-child\" data-id=\"b8237f2\" data-element_type=\"container\">\n\t\t\t\t<div class=\"elementor-element elementor-element-109510e elementor-widget elementor-widget-heading\" data-id=\"109510e\" data-element_type=\"widget\" data-widget_type=\"heading.default\">\n\t\t\t\t<div class=\"elementor-widget-container\">\n\t\t\t\t\t<h1 class=\"elementor-heading-title elementor-size-default\">KNJIGE <\/h1>\t\t\t\t<\/div>\n\t\t\t\t<\/div>\n\t\t\t\t<\/div>\n\t\t<div class=\"elementor-element elementor-element-49b43c0 e-con-full e-flex e-con e-child\" data-id=\"49b43c0\" data-element_type=\"container\">\n\t\t\t\t<div class=\"elementor-element elementor-element-73d523b elementor-align-center elementor-widget elementor-widget-button\" data-id=\"73d523b\" data-element_type=\"widget\" data-widget_type=\"button.default\">\n\t\t\t\t<div class=\"elementor-widget-container\">\n\t\t\t\t\t\t\t\t\t<div class=\"elementor-button-wrapper\">\n\t\t\t\t\t<a class=\"elementor-button elementor-button-link elementor-size-sm\" href=\"#\">\n\t\t\t\t\t\t<span class=\"elementor-button-content-wrapper\">\n\t\t\t\t\t\t\t\t\t<span class=\"elementor-button-text\">V trgovino<\/span>\n\t\t\t\t\t<\/span>\n\t\t\t\t\t<\/a>\n\t\t\t\t<\/div>\n\t\t\t\t\t\t\t\t<\/div>\n\t\t\t\t<\/div>\n\t\t\t\t<\/div>\n\t\t\t\t<\/div>\n\t\t\t\t<\/div>\n\t\t<div class=\"elementor-element elementor-element-2f9e9195 e-flex e-con-boxed e-con e-parent\" data-id=\"2f9e9195\" data-element_type=\"container\">\n\t\t\t\t\t<div class=\"e-con-inner\">\n\t\t\t\t<div class=\"elementor-element elementor-element-137f0738 elementor-widget elementor-widget-text-editor\" data-id=\"137f0738\" data-element_type=\"widget\" data-widget_type=\"text-editor.default\">\n\t\t\t\t<div class=\"elementor-widget-container\">\n\t\t\t\t\t\t\t\t\t<p><\/p>\n<div class=\"wp-block-uagb-container uagb-block-e21eac2c alignfull uagb-is-root-container\">\n<div class=\"uagb-container-inner-blocks-wrap\">\n<p><\/p>\n<div class=\"wp-block-uagb-container uagb-block-3bdf5938\">\n<p><\/p>\n<p>Na na\u0161i spletni strani vam ponujamo\u00a0<strong>strokovne tolma\u0161ke storitve<\/strong>\u00a0za prevajanje iz\u00a0<strong>albanskega<\/strong>\u00a0v\u00a0<strong>slovenski jezik<\/strong>\u00a0in obratno. Z ve\u010dletnimi izku\u0161njami, strokovnim znanjem in skrbjo za natan\u010dnost zagotavljamo kakovostno jezikovno podporo, ki zadostuje va\u0161im potrebam \u2013 bodisi na pravnem, poslovnem ali zasebnem podro\u010dju.<\/p>\n<p><\/p>\n<\/div>\n<p><\/p>\n<div class=\"wp-block-uagb-container uagb-block-8ff062ca\">\u00a0<\/div>\n<p><\/p>\n<\/div>\n<\/div>\n<p><\/p>\n<h3 class=\"wp-block-heading\">\u00a0<\/h3>\n<p><\/p>\n<p><\/p>\n<p><\/p>\n<h3 class=\"wp-block-heading\">Zakaj izbrati nas?<\/h3>\n<p><\/p>\n<ul class=\"wp-block-list\">\n<li style=\"list-style-type: none;\">\n<ul class=\"wp-block-list\"><\/ul>\n<\/li>\n<\/ul>\n<p>\u00a0<\/p>\n<ul class=\"wp-block-list\">\n<li style=\"list-style-type: none;\">\n<ul class=\"wp-block-list\">\n<li><strong>Strokovnost in zanesljivost<\/strong>: Na\u0161e delo temelji na dolgoletnih izku\u0161njah in poglobljenem poznavanju jezikov.<\/li>\n<\/ul>\n<\/li>\n<\/ul>\n<p><\/p>\n<ul class=\"wp-block-list\">\n<li style=\"list-style-type: none;\">\n<ul class=\"wp-block-list\">\n<li><strong>Personaliziran pristop<\/strong>: Vsak projekt obravnavamo individualno, glede na potrebe naro\u010dnika.<\/li>\n<\/ul>\n<\/li>\n<\/ul>\n<p><\/p>\n<ul class=\"wp-block-list\">\n<li style=\"list-style-type: none;\">\n<ul class=\"wp-block-list\">\n<li><strong>Dostopnost<\/strong>: Na voljo smo vam za hitre in kakovostne storitve po konkuren\u010dnih cenah.<\/li>\n<\/ul>\n<\/li>\n<\/ul>\n<p><\/p>\n<p><\/p>\n<p>Stopite v stik z nami in si zagotovite vrhunske jezikovne storitve!<br \/><strong>Kontaktirajte nas<\/strong>\u00a0ali obi\u0161\u010dite na\u0161o trgovino in naro\u010dite svoje izvode slovarjev \u0161e danes.<\/p>\n<p><\/p>\n<p><\/p>\t\t\t\t\t\t\t\t<\/div>\n\t\t\t\t<\/div>\n\t\t\t\t\t<\/div>\n\t\t\t\t<\/div>\n\t\t\t\t<\/div>","protected":false},"excerpt":{"rendered":"<p>Strokovno prevajanje in tolma\u010denje med alban\u0161\u010dino in sloven\u0161\u010dino Na armenda.si lahko kupite tudi dve vrhunski izdaji pravnih slovarjev avtorice\u00a0Armende Amiti, [&hellip;]<\/p>","protected":false},"author":1,"featured_media":0,"parent":0,"menu_order":0,"comment_status":"closed","ping_status":"closed","template":"","meta":{"site-sidebar-layout":"default","site-content-layout":"","ast-site-content-layout":"","site-content-style":"default","site-sidebar-style":"default","ast-global-header-display":"","ast-banner-title-visibility":"","ast-main-header-display":"","ast-hfb-above-header-display":"","ast-hfb-below-header-display":"","ast-hfb-mobile-header-display":"","site-post-title":"disabled","ast-breadcrumbs-content":"","ast-featured-img":"","footer-sml-layout":"","theme-transparent-header-meta":"","adv-header-id-meta":"","stick-header-meta":"","header-above-stick-meta":"","header-main-stick-meta":"","header-below-stick-meta":"","astra-migrate-meta-layouts":"default","ast-page-background-enabled":"default","ast-page-background-meta":{"desktop":{"background-color":"var(--ast-global-color-5)","background-image":"","background-repeat":"repeat","background-position":"center center","background-size":"auto","background-attachment":"scroll","background-type":"","background-media":"","overlay-type":"","overlay-color":"","overlay-opacity":"","overlay-gradient":""},"tablet":{"background-color":"","background-image":"","background-repeat":"repeat","background-position":"center center","background-size":"auto","background-attachment":"scroll","background-type":"","background-media":"","overlay-type":"","overlay-color":"","overlay-opacity":"","overlay-gradient":""},"mobile":{"background-color":"","background-image":"","background-repeat":"repeat","background-position":"center center","background-size":"auto","background-attachment":"scroll","background-type":"","background-media":"","overlay-type":"","overlay-color":"","overlay-opacity":"","overlay-gradient":""}},"ast-content-background-meta":{"desktop":{"background-color":"var(--ast-global-color-4)","background-image":"","background-repeat":"repeat","background-position":"center center","background-size":"auto","background-attachment":"scroll","background-type":"","background-media":"","overlay-type":"","overlay-color":"","overlay-opacity":"","overlay-gradient":""},"tablet":{"background-color":"var(--ast-global-color-4)","background-image":"","background-repeat":"repeat","background-position":"center center","background-size":"auto","background-attachment":"scroll","background-type":"","background-media":"","overlay-type":"","overlay-color":"","overlay-opacity":"","overlay-gradient":""},"mobile":{"background-color":"var(--ast-global-color-4)","background-image":"","background-repeat":"repeat","background-position":"center center","background-size":"auto","background-attachment":"scroll","background-type":"","background-media":"","overlay-type":"","overlay-color":"","overlay-opacity":"","overlay-gradient":""}},"footnotes":""},"class_list":["post-65","page","type-page","status-publish","hentry"],"_links":{"self":[{"href":"https:\/\/armenda.si\/sq\/wp-json\/wp\/v2\/pages\/65","targetHints":{"allow":["GET"]}}],"collection":[{"href":"https:\/\/armenda.si\/sq\/wp-json\/wp\/v2\/pages"}],"about":[{"href":"https:\/\/armenda.si\/sq\/wp-json\/wp\/v2\/types\/page"}],"author":[{"embeddable":true,"href":"https:\/\/armenda.si\/sq\/wp-json\/wp\/v2\/users\/1"}],"replies":[{"embeddable":true,"href":"https:\/\/armenda.si\/sq\/wp-json\/wp\/v2\/comments?post=65"}],"version-history":[{"count":46,"href":"https:\/\/armenda.si\/sq\/wp-json\/wp\/v2\/pages\/65\/revisions"}],"predecessor-version":[{"id":135,"href":"https:\/\/armenda.si\/sq\/wp-json\/wp\/v2\/pages\/65\/revisions\/135"}],"wp:attachment":[{"href":"https:\/\/armenda.si\/sq\/wp-json\/wp\/v2\/media?parent=65"}],"curies":[{"name":"wp","href":"https:\/\/api.w.org\/{rel}","templated":true}]}}